{"id":276828,"date":"2022-12-13T00:53:32","date_gmt":"2022-12-12T22:53:32","guid":{"rendered":"http:\/\/new.gelblau.net\/?page_id=276828"},"modified":"2022-12-18T01:22:04","modified_gmt":"2022-12-17T23:22:04","slug":"unterstutzung","status":"publish","type":"page","link":"https:\/\/gelblau.net\/de\/unterstutzung\/","title":{"rendered":"Unterst\u00fctzen Sie uns"},"content":{"rendered":"<p>[et_pb_section fb_built=&#8221;1&#8243; custom_padding_last_edited=&#8221;on|tablet&#8221; admin_label=&#8221;Header&#8221; _builder_version=&#8221;4.16&#8243; custom_padding=&#8221;0px||40px||false|false&#8221; custom_padding_tablet=&#8221;||0px||false|false&#8221; custom_padding_phone=&#8221;&#8221; locked=&#8221;off&#8221; global_colors_info=&#8221;{}&#8221;][et_pb_row make_equal=&#8221;on&#8221; custom_padding_last_edited=&#8221;off|desktop&#8221; _builder_version=&#8221;4.16&#8243; max_width=&#8221;none&#8221; custom_padding=&#8221;0px||0px||false|false&#8221; custom_padding_tablet=&#8221;||0px||false|false&#8221; box_shadow_style=&#8221;preset4&#8243; box_shadow_horizontal=&#8221;30vw&#8221; box_shadow_vertical=&#8221;0px&#8221; box_shadow_color=&#8221;#ffc077&#8243; global_colors_info=&#8221;{}&#8221;][et_pb_column type=&#8221;4_4&#8243; _builder_version=&#8221;4.16&#8243; custom_padding=&#8221;120px|80px|60px||false|false&#8221; custom_padding_tablet=&#8221;|40px|||false|false&#8221; custom_padding_phone=&#8221;|20px|||false|false&#8221; custom_padding_last_edited=&#8221;on|phone&#8221; global_colors_info=&#8221;{}&#8221;][et_pb_text _builder_version=&#8221;4.19.2&#8243; header_font=&#8221;Montserrat|700|||||||&#8221; header_text_color=&#8221;#000000&#8243; header_font_size=&#8221;9vw&#8221; header_font_size_tablet=&#8221;80px&#8221; header_font_size_phone=&#8221;42px&#8221; header_font_size_last_edited=&#8221;on|tablet&#8221; locked=&#8221;off&#8221; global_colors_info=&#8221;{}&#8221;]<\/p>\n<h1>Unterst\u00fctzen Sie uns<\/h1>\n<p>[\/et_pb_text][\/et_pb_column][\/et_pb_row][\/et_pb_section][et_pb_section fb_built=&#8221;1&#8243; _builder_version=&#8221;4.19.2&#8243; _module_preset=&#8221;default&#8221; global_colors_info=&#8221;{}&#8221;][et_pb_row _builder_version=&#8221;4.19.2&#8243; _module_preset=&#8221;default&#8221; global_colors_info=&#8221;{}&#8221;][et_pb_column type=&#8221;4_4&#8243; _builder_version=&#8221;4.19.2&#8243; _module_preset=&#8221;default&#8221; global_colors_info=&#8221;{}&#8221;][et_pb_text _builder_version=&#8221;4.19.2&#8243; _module_preset=&#8221;default&#8221; global_colors_info=&#8221;{}&#8221;]<\/p>\n<p>Gel[:b]lau ist die erste Zeitschrift dieses Formats im Ausland. Das Magazin erscheint in ukrainischer und deutscher Sprache. Die Autoren, Redakteure, Lektoren und Designer arbeiten in ihrer Freizeit unentgeltlich an dem Projekt und setzen alles daran, dass das Magazin ein interessantes, attraktives und vor allem QUALIT\u00c4TSVOLLES Produkt f\u00fcr seine Leser bleibt.<\/p>\n<p>Die Finanzierung der Zeitschrift, sei es f\u00fcr den Druck oder f\u00fcr die Website, ist f\u00fcr das Team immer ein wichtiges und schmerzhaftes Thema. Wir alle wissen, wie wichtig es ist, eine so wunderbare Zeitschrift zu haben, deshalb sind das Team und der Verlag jedem Spender dankbar! Manchmal k\u00f6nnen schon 5-10 Euro helfen, ein Wunder zu bewirken!<\/p>\n<p>Daher w\u00e4ren die Herausgeber der Zeitschrift dankbar, wenn Sie bei der Bestellung der Zeitschrift einen kleinen Spendenbeitrag leisten k\u00f6nnten, der die Kosten f\u00fcr die Erstellung der Zeitschrift deckt.<\/p>\n<p>[\/et_pb_text][\/et_pb_column][\/et_pb_row][\/et_pb_section][et_pb_section fb_built=&#8221;1&#8243; _builder_version=&#8221;4.19.2&#8243; _module_preset=&#8221;default&#8221; global_colors_info=&#8221;{}&#8221;][et_pb_row column_structure=&#8221;1_2,1_2&#8243; _builder_version=&#8221;4.19.2&#8243; _module_preset=&#8221;default&#8221; global_colors_info=&#8221;{}&#8221;][et_pb_column type=&#8221;1_2&#8243; _builder_version=&#8221;4.19.2&#8243; _module_preset=&#8221;default&#8221; global_colors_info=&#8221;{}&#8221;][et_pb_text _builder_version=&#8221;4.19.2&#8243; _module_preset=&#8221;default&#8221; global_colors_info=&#8221;{}&#8221;]<\/p>\n<h3>Geben Sie Ihre Daten ein:<\/h3>\n<p>[\/et_pb_text][et_pb_contact_form _builder_version=&#8221;4.19.2&#8243; _module_preset=&#8221;default&#8221; _unique_id=&#8221;f8161296-2ad2-4dce-8f3e-f32065205c2e&#8221; global_colors_info=&#8221;{}&#8221;][et_pb_contact_field field_id=&#8221;Name&#8221; field_title=&#8221;\u0412\u0430\u0448\u0435 \u0456\u043c&#8217;\u044f&#8221; _builder_version=&#8221;4.19.2&#8243; global_colors_info=&#8221;{}&#8221; button_text_size__hover_enabled=&#8221;off&#8221; button_one_text_size__hover_enabled=&#8221;off&#8221; button_two_text_size__hover_enabled=&#8221;off&#8221; button_text_color__hover_enabled=&#8221;off&#8221; button_one_text_color__hover_enabled=&#8221;off&#8221; button_two_text_color__hover_enabled=&#8221;off&#8221; button_border_width__hover_enabled=&#8221;off&#8221; button_one_border_width__hover_enabled=&#8221;off&#8221; button_two_border_width__hover_enabled=&#8221;off&#8221; button_border_color__hover_enabled=&#8221;off&#8221; button_one_border_color__hover_enabled=&#8221;off&#8221; button_two_border_color__hover_enabled=&#8221;off&#8221; button_border_radius__hover_enabled=&#8221;off&#8221; button_one_border_radius__hover_enabled=&#8221;off&#8221; button_two_border_radius__hover_enabled=&#8221;off&#8221; button_letter_spacing__hover_enabled=&#8221;off&#8221; button_one_letter_spacing__hover_enabled=&#8221;off&#8221; button_two_letter_spacing__hover_enabled=&#8221;off&#8221; button_bg_color__hover_enabled=&#8221;off&#8221; button_one_bg_color__hover_enabled=&#8221;off&#8221; button_two_bg_color__hover_enabled=&#8221;off&#8221;][\/et_pb_contact_field][et_pb_contact_field field_id=&#8221;Email&#8221; field_title=&#8221;Email&#8221; field_type=&#8221;email&#8221; _builder_version=&#8221;4.19.2&#8243; global_colors_info=&#8221;{}&#8221; button_text_size__hover_enabled=&#8221;off&#8221; button_one_text_size__hover_enabled=&#8221;off&#8221; button_two_text_size__hover_enabled=&#8221;off&#8221; button_text_color__hover_enabled=&#8221;off&#8221; button_one_text_color__hover_enabled=&#8221;off&#8221; button_two_text_color__hover_enabled=&#8221;off&#8221; button_border_width__hover_enabled=&#8221;off&#8221; button_one_border_width__hover_enabled=&#8221;off&#8221; button_two_border_width__hover_enabled=&#8221;off&#8221; button_border_color__hover_enabled=&#8221;off&#8221; button_one_border_color__hover_enabled=&#8221;off&#8221; button_two_border_color__hover_enabled=&#8221;off&#8221; button_border_radius__hover_enabled=&#8221;off&#8221; button_one_border_radius__hover_enabled=&#8221;off&#8221; button_two_border_radius__hover_enabled=&#8221;off&#8221; button_letter_spacing__hover_enabled=&#8221;off&#8221; button_one_letter_spacing__hover_enabled=&#8221;off&#8221; button_two_letter_spacing__hover_enabled=&#8221;off&#8221; button_bg_color__hover_enabled=&#8221;off&#8221; button_one_bg_color__hover_enabled=&#8221;off&#8221; button_two_bg_color__hover_enabled=&#8221;off&#8221;][\/et_pb_contact_field][et_pb_contact_field field_id=&#8221;Address&#8221; field_title=&#8221;\u0410\u0434\u0440\u0435\u0441\u0430&#8221; required_mark=&#8221;off&#8221; fullwidth_field=&#8221;on&#8221; _builder_version=&#8221;4.19.2&#8243; global_colors_info=&#8221;{}&#8221; button_text_size__hover_enabled=&#8221;off&#8221; button_one_text_size__hover_enabled=&#8221;off&#8221; button_two_text_size__hover_enabled=&#8221;off&#8221; button_text_color__hover_enabled=&#8221;off&#8221; button_one_text_color__hover_enabled=&#8221;off&#8221; button_two_text_color__hover_enabled=&#8221;off&#8221; button_border_width__hover_enabled=&#8221;off&#8221; button_one_border_width__hover_enabled=&#8221;off&#8221; button_two_border_width__hover_enabled=&#8221;off&#8221; button_border_color__hover_enabled=&#8221;off&#8221; button_one_border_color__hover_enabled=&#8221;off&#8221; button_two_border_color__hover_enabled=&#8221;off&#8221; button_border_radius__hover_enabled=&#8221;off&#8221; button_one_border_radius__hover_enabled=&#8221;off&#8221; button_two_border_radius__hover_enabled=&#8221;off&#8221; button_letter_spacing__hover_enabled=&#8221;off&#8221; button_one_letter_spacing__hover_enabled=&#8221;off&#8221; button_two_letter_spacing__hover_enabled=&#8221;off&#8221; button_bg_color__hover_enabled=&#8221;off&#8221; button_one_bg_color__hover_enabled=&#8221;off&#8221; button_two_bg_color__hover_enabled=&#8221;off&#8221;][\/et_pb_contact_field][et_pb_contact_field field_id=&#8221;Sum&#8221; field_title=&#8221;\u0421\u0443\u043c\u0430 (\u20ac)&#8221; allowed_symbols=&#8221;numbers&#8221; required_mark=&#8221;off&#8221; fullwidth_field=&#8221;on&#8221; _builder_version=&#8221;4.19.2&#8243; global_colors_info=&#8221;{}&#8221; button_text_size__hover_enabled=&#8221;off&#8221; button_one_text_size__hover_enabled=&#8221;off&#8221; button_two_text_size__hover_enabled=&#8221;off&#8221; button_text_color__hover_enabled=&#8221;off&#8221; button_one_text_color__hover_enabled=&#8221;off&#8221; button_two_text_color__hover_enabled=&#8221;off&#8221; button_border_width__hover_enabled=&#8221;off&#8221; button_one_border_width__hover_enabled=&#8221;off&#8221; button_two_border_width__hover_enabled=&#8221;off&#8221; button_border_color__hover_enabled=&#8221;off&#8221; button_one_border_color__hover_enabled=&#8221;off&#8221; button_two_border_color__hover_enabled=&#8221;off&#8221; button_border_radius__hover_enabled=&#8221;off&#8221; button_one_border_radius__hover_enabled=&#8221;off&#8221; button_two_border_radius__hover_enabled=&#8221;off&#8221; button_letter_spacing__hover_enabled=&#8221;off&#8221; button_one_letter_spacing__hover_enabled=&#8221;off&#8221; button_two_letter_spacing__hover_enabled=&#8221;off&#8221; button_bg_color__hover_enabled=&#8221;off&#8221; button_one_bg_color__hover_enabled=&#8221;off&#8221; button_two_bg_color__hover_enabled=&#8221;off&#8221;][\/et_pb_contact_field][et_pb_contact_field field_id=&#8221;Message&#8221; field_title=&#8221;\u041f\u043e\u0432\u0456\u0434\u043e\u043c\u043b\u0435\u043d\u043d\u044f&#8221; field_type=&#8221;text&#8221; required_mark=&#8221;off&#8221; fullwidth_field=&#8221;on&#8221; _builder_version=&#8221;4.19.2&#8243; global_colors_info=&#8221;{}&#8221; button_text_size__hover_enabled=&#8221;off&#8221; button_one_text_size__hover_enabled=&#8221;off&#8221; button_two_text_size__hover_enabled=&#8221;off&#8221; button_text_color__hover_enabled=&#8221;off&#8221; button_one_text_color__hover_enabled=&#8221;off&#8221; button_two_text_color__hover_enabled=&#8221;off&#8221; button_border_width__hover_enabled=&#8221;off&#8221; button_one_border_width__hover_enabled=&#8221;off&#8221; button_two_border_width__hover_enabled=&#8221;off&#8221; button_border_color__hover_enabled=&#8221;off&#8221; button_one_border_color__hover_enabled=&#8221;off&#8221; button_two_border_color__hover_enabled=&#8221;off&#8221; button_border_radius__hover_enabled=&#8221;off&#8221; button_one_border_radius__hover_enabled=&#8221;off&#8221; button_two_border_radius__hover_enabled=&#8221;off&#8221; button_letter_spacing__hover_enabled=&#8221;off&#8221; button_one_letter_spacing__hover_enabled=&#8221;off&#8221; button_two_letter_spacing__hover_enabled=&#8221;off&#8221; button_bg_color__hover_enabled=&#8221;off&#8221; button_one_bg_color__hover_enabled=&#8221;off&#8221; button_two_bg_color__hover_enabled=&#8221;off&#8221;][\/et_pb_contact_field][et_pb_contact_field field_id=&#8221;spendebescheinigung&#8221; field_title=&#8221; &#8221; field_type=&#8221;checkbox&#8221; checkbox_options=&#8221;%91{%22value%22:%22\u041e\u0442\u0440\u0438\u043c\u0430\u0442\u0438 \u0434\u043e\u0432\u0456\u0434\u043a\u0443 \u043f\u0440\u043e \u043f\u043e\u0436\u0435\u0440\u0442\u0432\u0443*%22,%22checked%22:0,%22dragID%22:-1}%93&#8243; fullwidth_field=&#8221;on&#8221; _builder_version=&#8221;4.19.2&#8243; _module_preset=&#8221;default&#8221; global_colors_info=&#8221;{}&#8221;][\/et_pb_contact_field][\/et_pb_contact_form][et_pb_text _builder_version=&#8221;4.19.2&#8243; _module_preset=&#8221;default&#8221; global_colors_info=&#8221;{}&#8221;]<\/p>\n<p>*Durch Bescheid des Finanzamtes IV Stuttgart-K\u00f6rperschaften ist der Verein \u201cUkrainisches Atelier f\u00fcr Kultur und Sport\u201d berechtigt, eine Zuwendungsbest\u00e4tigung nach \u00a760, Abs. 1 AO auszustellen. 1 AO der Bundesrepublik Deutschland auszustellen, die vom deutschen Finanzamt anerkannt wird.<\/p>\n<p>[\/et_pb_text][\/et_pb_column][et_pb_column type=&#8221;1_2&#8243; _builder_version=&#8221;4.19.2&#8243; _module_preset=&#8221;default&#8221; global_colors_info=&#8221;{}&#8221;][et_pb_text _builder_version=&#8221;4.19.2&#8243; _module_preset=&#8221;default&#8221; custom_margin=&#8221;||24px|||&#8221; global_colors_info=&#8221;{}&#8221;]<\/p>\n<h3>\u00dcberweisen Sie Geld auf unser Konto:<\/h3>\n<p><strong>Zahlungsempf\u00e4nger:<\/strong><br \/>Ukrainisches Atelier f\u00fcr Kultur &amp; Sport e. V. <br \/><strong>IBAN:<\/strong> DE17600501010002857079<br \/><strong>Kreditinstitut:<\/strong> BW-Bank Stuttgart<br \/><strong>Verwendungszweck (bspw.):<\/strong><br \/>F\u00fcr satzungsgem\u00e4\u00dfe Ziele \/ Zwecke<\/p>\n<p>[\/et_pb_text][et_pb_text _builder_version=&#8221;4.19.4&#8243; _module_preset=&#8221;default&#8221; hover_enabled=&#8221;0&#8243; global_colors_info=&#8221;{}&#8221; sticky_enabled=&#8221;0&#8243;]<\/p>\n<h3>\u00a0<\/h3>\n<h3>Oder t\u00e4tigen Sie eine \u00dcberweisung \u00fcber PayPal:<\/h3>\n<p><a href=\"https:\/\/www.paypal.com\/donate\/?hosted_button_id=W38P6B4XUVYM8\" target=\"_blank\" rel=\"noopener\"><img loading=\"lazy\" decoding=\"async\" class=\"wp-image-277073 alignnone size-medium\" src=\"https:\/\/gelblau.net\/wp-content\/uploads\/2022\/12\/paypal-donate-button-high-quality-png-300x171.png\" alt=\"\" width=\"300\" height=\"171\" \/><\/a><\/p>\n<p>[\/et_pb_text][\/et_pb_column][\/et_pb_row][\/et_pb_section]<\/p>","protected":false},"excerpt":{"rendered":"<p>\u041f\u0456\u0434\u0442\u0440\u0438\u043c\u0430\u0442\u0438 \u043d\u0430\u0441Gel[:b]lau \u2013 \u0446\u0435 \u043f\u0435\u0440\u0448\u0435 \u043f\u0435\u0440\u0456\u043e\u0434\u0438\u0447\u043d\u0435 \u0432\u0438\u0434\u0430\u043d\u043d\u044f \u0437\u0430 \u043a\u043e\u0440\u0434\u043e\u043d\u043e\u043c \u0442\u0430\u043a\u043e\u0433\u043e \u0444\u043e\u0440\u043c\u0430\u0442\u0443. \u0416\u0443\u0440\u043d\u0430\u043b \u0432\u0438\u043f\u0443\u0441\u043a\u0430\u0454\u0442\u044c\u0441\u044f \u0443\u043a\u0440\u0430\u0457\u043d\u0441\u044c\u043a\u043e\u044e \u0442\u0430 \u043d\u0456\u043c\u0435\u0446\u044c\u043a\u043e\u044e \u043c\u043e\u0432\u0430\u043c\u0438. \u0410\u0432\u0442\u043e\u0440\u0438, \u0440\u0435\u0434\u0430\u043a\u0442\u043e\u0440\u0438 \u0442\u0430 \u043a\u043e\u0440\u0435\u043a\u0442\u043e\u0440\u0438, \u0434\u0438\u0437\u0430\u0439\u043d\u0435\u0440\u0438 \u043f\u0440\u0430\u0446\u044e\u044e\u0442\u044c \u043d\u0430\u0434 \u043f\u0440\u043e\u0454\u043a\u0442\u043e\u043c \u0443 \u0441\u0432\u0456\u0439 \u0432\u0456\u043b\u044c\u043d\u0438\u0439 \u0447\u0430\u0441 \u0431\u0435\u0437\u043e\u043f\u043b\u0430\u0442\u043d\u043e \u0456 \u0434\u043e\u043a\u043b\u0430\u0434\u0430\u044e\u0442\u044c \u043c\u0430\u043a\u0441\u0438\u043c\u0443\u043c \u0437\u0443\u0441\u0438\u043b\u044c, \u0449\u043e\u0431 \u0447\u0430\u0441\u043e\u043f\u0438\u0441 \u0437\u0430\u043b\u0438\u0448\u0430\u0432\u0441\u044f \u0446\u0456\u043a\u0430\u0432\u0438\u043c, \u043f\u0440\u0438\u0432\u0430\u0431\u043b\u0438\u0432\u0438\u043c \u0442\u0430 \u043f\u043e\u043f\u0435\u0440\u0448\u0435 \u042f\u041a\u0406\u0421\u041d\u0418\u041c \u043f\u0440\u043e\u0434\u0443\u043a\u0442\u043e\u043c \u0434\u043b\u044f \u0441\u0432\u043e\u0457\u0445 \u0447\u0438\u0442\u0430\u0447\u0456\u0432. \u041a\u043e\u0448\u0442\u0438 \u043d\u0430 \u0439\u043e\u0433\u043e \u0441\u0442\u0432\u043e\u0440\u0435\u043d\u043d\u044f, \u0447\u0438 \u0442\u043e \u0434\u0440\u0443\u043a, \u0447\u0438 \u0442\u043e [&hellip;]<\/p>","protected":false},"author":1,"featured_media":0,"parent":0,"menu_order":0,"comment_status":"closed","ping_status":"closed","template":"","meta":{"_et_pb_use_builder":"on","_et_pb_old_content":"","_et_gb_content_width":"","footnotes":""},"difl_page_category":[],"class_list":["post-276828","page","type-page","status-publish","hentry"],"_links":{"self":[{"href":"https:\/\/gelblau.net\/de\/wp-json\/wp\/v2\/pages\/276828","targetHints":{"allow":["GET"]}}],"collection":[{"href":"https:\/\/gelblau.net\/de\/wp-json\/wp\/v2\/pages"}],"about":[{"href":"https:\/\/gelblau.net\/de\/wp-json\/wp\/v2\/types\/page"}],"author":[{"embeddable":true,"href":"https:\/\/gelblau.net\/de\/wp-json\/wp\/v2\/users\/1"}],"replies":[{"embeddable":true,"href":"https:\/\/gelblau.net\/de\/wp-json\/wp\/v2\/comments?post=276828"}],"version-history":[{"count":0,"href":"https:\/\/gelblau.net\/de\/wp-json\/wp\/v2\/pages\/276828\/revisions"}],"wp:attachment":[{"href":"https:\/\/gelblau.net\/de\/wp-json\/wp\/v2\/media?parent=276828"}],"wp:term":[{"taxonomy":"difl_page_category","embeddable":true,"href":"https:\/\/gelblau.net\/de\/wp-json\/wp\/v2\/difl_page_category?post=276828"}],"curies":[{"name":"wp","href":"https:\/\/api.w.org\/{rel}","templated":true}]}}