{"id":278800,"date":"2026-03-16T09:03:49","date_gmt":"2026-03-16T07:03:49","guid":{"rendered":"https:\/\/gelblau.net\/?post_type=product&#038;p=278800"},"modified":"2026-04-01T19:43:59","modified_gmt":"2026-04-01T17:43:59","slug":"gelblau-39","status":"publish","type":"product","link":"https:\/\/gelblau.net\/de\/produkt\/gelblau-39\/","title":{"rendered":"Gel[:b]lau #39"},"content":{"rendered":"<p>[et_pb_section fb_built=&#8221;1&#8243; _builder_version=&#8221;4.16&#8243; custom_padding=&#8221;0px||||false|false&#8221; global_colors_info=&#8221;{}&#8221;][et_pb_row _builder_version=&#8221;4.16&#8243; background_size=&#8221;initial&#8221; background_position=&#8221;top_left&#8221; background_repeat=&#8221;repeat&#8221; width=&#8221;100%&#8221; custom_padding=&#8221;0px||0px||false|false&#8221; global_colors_info=&#8221;{}&#8221;][et_pb_column type=&#8221;4_4&#8243; _builder_version=&#8221;4.16&#8243; custom_padding=&#8221;|||&#8221; global_colors_info=&#8221;{}&#8221; custom_padding__hover=&#8221;|||&#8221;][et_pb_wc_breadcrumb _builder_version=&#8221;4.16&#8243; global_colors_info=&#8221;{}&#8221;][\/et_pb_wc_breadcrumb][et_pb_wc_cart_notice _builder_version=&#8221;4.16&#8243; global_colors_info=&#8221;{}&#8221;][\/et_pb_wc_cart_notice][\/et_pb_column][\/et_pb_row][et_pb_row column_structure=&#8221;1_2,1_2&#8243; _builder_version=&#8221;4.16&#8243; background_size=&#8221;initial&#8221; background_position=&#8221;top_left&#8221; background_repeat=&#8221;repeat&#8221; width=&#8221;100%&#8221; custom_padding=&#8221;0px||||false|false&#8221; global_colors_info=&#8221;{}&#8221;][et_pb_column type=&#8221;1_2&#8243; _builder_version=&#8221;4.16&#8243; custom_padding=&#8221;|||&#8221; global_colors_info=&#8221;{}&#8221; custom_padding__hover=&#8221;|||&#8221;][et_pb_wc_images _builder_version=&#8221;4.16&#8243; global_colors_info=&#8221;{}&#8221;][\/et_pb_wc_images][\/et_pb_column][et_pb_column type=&#8221;1_2&#8243; _builder_version=&#8221;4.16&#8243; custom_padding=&#8221;|||&#8221; global_colors_info=&#8221;{}&#8221; custom_padding__hover=&#8221;|||&#8221;][et_pb_wc_title _builder_version=&#8221;4.16&#8243; global_colors_info=&#8221;{}&#8221;][\/et_pb_wc_title][et_pb_wc_rating _builder_version=&#8221;4.16&#8243; global_colors_info=&#8221;{}&#8221;][\/et_pb_wc_rating][et_pb_wc_price _builder_version=&#8221;4.16&#8243; global_colors_info=&#8221;{}&#8221;][\/et_pb_wc_price][et_pb_wc_description _builder_version=&#8221;4.16&#8243; hover_enabled=&#8221;0&#8243; global_colors_info=&#8221;{}&#8221; sticky_enabled=&#8221;0&#8243;][\/et_pb_wc_description][et_pb_wc_add_to_cart _builder_version=&#8221;4.16&#8243; global_colors_info=&#8221;{}&#8221;][\/et_pb_wc_add_to_cart][et_pb_wc_meta _builder_version=&#8221;4.16&#8243; global_colors_info=&#8221;{}&#8221;][\/et_pb_wc_meta][\/et_pb_column][\/et_pb_row][et_pb_row _builder_version=&#8221;4.16&#8243; background_size=&#8221;initial&#8221; background_position=&#8221;top_left&#8221; background_repeat=&#8221;repeat&#8221; width=&#8221;100%&#8221; global_colors_info=&#8221;{}&#8221;][et_pb_column type=&#8221;4_4&#8243; _builder_version=&#8221;4.16&#8243; custom_padding=&#8221;|||&#8221; global_colors_info=&#8221;{}&#8221; custom_padding__hover=&#8221;|||&#8221;][et_pb_wc_tabs _builder_version=&#8221;4.16&#8243; global_colors_info=&#8221;{}&#8221;]\t\t\t\t\t[\/et_pb_wc_tabs][et_pb_wc_upsells _builder_version=&#8221;4.16&#8243; global_colors_info=&#8221;{}&#8221;][\/et_pb_wc_upsells][et_pb_wc_related_products _builder_version=&#8221;4.16&#8243; global_colors_info=&#8221;{}&#8221;][\/et_pb_wc_related_products][\/et_pb_column][\/et_pb_row][\/et_pb_section]<\/p>","protected":false},"excerpt":{"rendered":"<p>Die elektronische Version kann hier heruntergeladen werden: <a href=\"https:\/\/gelblau.net\/wp-content\/uploads\/2026\/03\/Gelblau-39_Web.pdf\" target=\"_blank\" rel=\"noopener\">Gelblau-39<\/a><\/p>\n<p>Das Team des Magazins freut sich sehr \u00fcber Ihre <a href=\"https:\/\/gelblau.net\/de\/unterstutzung\/\">Spende<\/a>.<\/p>","protected":false},"featured_media":278798,"template":"","meta":{"_et_pb_use_builder":"on","_et_pb_old_content":"\u0423 \u0447\u0430\u0441\u0438 \u0432\u0435\u043b\u0438\u043a\u0438\u0445 \u0432\u0438\u043a\u043b\u0438\u043a\u0456\u0432 \u043e\u0441\u043e\u0431\u043b\u0438\u0432\u043e \u043f\u043e\u043c\u0456\u0442\u043d\u043e, \u044f\u043a \u0431\u0430\u0433\u0430\u0442\u043e \u0437\u043c\u0456\u043d \u043f\u043e\u0447\u0438\u043d\u0430\u044e\u0442\u044c\u0441\u044f \u0437 \u0456\u043d\u0456\u0446\u0456\u0430\u0442\u0438\u0432\u0438 \u043e\u0434\u043d\u0456\u0454\u0457 \u043b\u044e\u0434\u0438\u043d\u0438 \u0430\u0431\u043e \u043d\u0435\u0432\u0435\u043b\u0438\u043a\u043e\u0457 \u0441\u043f\u0456\u043b\u044c\u043d\u043e\u0442\u0438. \u041a\u043e\u0436\u043d\u0430 \u0434\u0456\u044f \u043c\u0430\u0454 \u0437\u043d\u0430\u0447\u0435\u043d\u043d\u044f. \u041a\u043e\u0436\u0435\u043d \u0436\u0435\u0441\u0442 \u0441\u043e\u043b\u0456\u0434\u0430\u0440\u043d\u043e\u0441\u0442\u0456, \u043a\u043e\u0436\u0435\u043d \u043c\u0430\u043b\u0435\u043d\u044c\u043a\u0438\u0439 \u043f\u0440\u043e\u0454\u043a\u0442 \u0441\u0442\u0430\u0454 \u0447\u0430\u0441\u0442\u0438\u043d\u043e\u044e \u0432\u0435\u043b\u0438\u043a\u043e\u0457 \u0441\u043f\u0456\u043b\u044c\u043d\u043e\u0457 \u0440\u043e\u0431\u043e\u0442\u0438, \u044f\u043a\u0443 \u043c\u0438 \u0447\u0430\u0441\u0442\u043e \u043d\u0430\u0432\u0456\u0442\u044c \u043d\u0435 \u043f\u043e\u043c\u0456\u0447\u0430\u0454\u043c\u043e \u043e\u0434\u0440\u0430\u0437\u0443. \u0425\u0442\u043e\u0441\u044c \u0431\u0443\u0434\u0443\u0454 \u043a\u0430\u0437\u043a\u043e\u0432\u0456 \u0443\u043a\u0440\u0438\u0442\u0442\u044f, \u0449\u043e\u0431 \u043d\u0430\u0432\u0456\u0442\u044c \u043f\u0456\u0434 \u0447\u0430\u0441 \u043f\u043e\u0432\u0456\u0442\u0440\u044f\u043d\u0438\u0445 \u0442\u0440\u0438\u0432\u043e\u0433 \u0434\u0456\u0442\u0438 \u043c\u043e\u0433\u043b\u0438 \u0432\u0456\u0434\u0447\u0443\u0442\u0438 \u0431\u043e\u0434\u0430\u0439 \u0442\u0440\u043e\u0445\u0438 \u0431\u0435\u0437\u043f\u0435\u043a\u0438 \u0439 \u0442\u0435\u043f\u043b\u0430. \u0414\u0456\u0442\u0438 \u0439 \u043f\u0456\u0434\u043b\u0456\u0442\u043a\u0438 \u0434\u0440\u0443\u043a\u0443\u044e\u0442\u044c \u043d\u0430 3D-\u043f\u0440\u0438\u043d\u0442\u0435\u0440\u0430\u0445 \u043d\u0435\u043e\u0431\u0445\u0456\u0434\u043d\u0456 \u0440\u0435\u0447\u0456 \u0434\u043b\u044f \u0441\u0432\u043e\u0454\u0457 \u0433\u0440\u043e\u043c\u0430\u0434\u0438. \u041f\u043e\u0434\u0440\u0443\u0436\u0436\u044f \u0437 \u0412\u0435\u0439\u043c\u0430\u0440\u0430 \u0432\u0456\u0434\u043a\u0440\u0438\u0432\u0430\u0454 \u043d\u0435\u0432\u0435\u043b\u0438\u043a\u0435 \u0432\u0438\u0434\u0430\u0432\u043d\u0438\u0446\u0442\u0432\u043e, \u0449\u043e\u0431 \u0443\u043a\u0440\u0430\u0457\u043d\u0441\u044c\u043a\u0430 \u043b\u0456\u0442\u0435\u0440\u0430\u0442\u0443\u0440\u0430 \u0437\u043d\u0430\u0445\u043e\u0434\u0438\u043b\u0430 \u043d\u043e\u0432\u0438\u0445 \u0447\u0438\u0442\u0430\u0447\u0456\u0432 \u0443 \u0404\u0432\u0440\u043e\u043f\u0456. \u0423 \u0446\u044c\u043e\u043c\u0443 \u043d\u043e\u043c\u0435\u0440\u0456 \u043c\u0438 \u0437\u0456\u0431\u0440\u0430\u043b\u0438 \u0456\u0441\u0442\u043e\u0440\u0456\u0457 \u043b\u044e\u0434\u0435\u0439 \u0456 \u043f\u0440\u043e\u0454\u043a\u0442\u0456\u0432, \u044f\u043a\u0456 \u0434\u043e\u0432\u043e\u0434\u044f\u0442\u044c: \u043d\u0430\u0432\u0456\u0442\u044c \u043d\u0435\u0432\u0435\u043b\u0438\u043a\u0430 \u0456\u043d\u0456\u0446\u0456\u0430\u0442\u0438\u0432\u0430 \u043c\u043e\u0436\u0435 \u043c\u0430\u0442\u0438 \u0432\u0435\u043b\u0438\u043a\u0438\u0439 \u0440\u0435\u0437\u043e\u043d\u0430\u043d\u0441. \u041c\u0438 \u043f\u0438\u0448\u0435\u043c\u043e \u043f\u0440\u043e \u0442\u0440\u0430\u043d\u0441\u043a\u043e\u0440\u0434\u043e\u043d\u043d\u0443 \u0441\u043f\u0456\u0432\u043f\u0440\u0430\u0446\u044e \u0433\u0440\u043e\u043c\u0430\u0434\u044f\u043d\u0441\u044c\u043a\u043e\u0433\u043e \u0441\u0443\u0441\u043f\u0456\u043b\u044c\u0441\u0442\u0432\u0430, \u043f\u0440\u043e \u043f\u043e\u0432\u0435\u0440\u043d\u0435\u043d\u043d\u044f \u0432\u0442\u0440\u0430\u0447\u0435\u043d\u0438\u0445 \u0437\u0432\u2019\u044f\u0437\u043a\u0456\u0432 \u043c\u0456\u0436 \u043f\u043e\u043a\u043e\u043b\u0456\u043d\u043d\u044f\u043c\u0438, \u043f\u0440\u043e \u0437\u0431\u0435\u0440\u0435\u0436\u0435\u043d\u043d\u044f \u0456 \u043d\u043e\u0432\u0435 \u0436\u0438\u0442\u0442\u044f \u0441\u0442\u0430\u0440\u0438\u0445 \u0440\u0435\u0447\u0435\u0439 \u0442\u0430 \u0435\u043b\u0435\u043c\u0435\u043d\u0442\u0456\u0432 \u0430\u0440\u0445\u0456\u0442\u0435\u043a\u0442\u0443\u0440\u0438. \u041f\u0440\u043e \u0441\u0442\u0456\u0439\u043a\u0456\u0441\u0442\u044c \u0441\u0443\u0441\u043f\u0456\u043b\u044c\u0441\u0442\u0432\u0430, \u043a\u0443\u043b\u044c\u0442\u0443\u0440\u043d\u043e-\u0434\u0438\u043f\u043b\u043e\u043c\u0430\u0442\u0438\u0447\u043d\u0456 \u0437\u0443\u0441\u0442\u0440\u0456\u0447\u0456 \u0442\u0430 \u043b\u044e\u0434\u0435\u0439, \u044f\u043a\u0456, \u043f\u043e\u043f\u0440\u0438 \u0432\u0441\u0435, \u043d\u0435 \u043f\u0435\u0440\u0435\u0441\u0442\u0430\u044e\u0442\u044c \u0434\u0456\u044f\u0442\u0438. \u0423\u0441\u0456 \u0446\u0456 \u0456\u0441\u0442\u043e\u0440\u0456\u0457 \u0440\u0456\u0437\u043d\u0456, \u0430\u043b\u0435 \u0457\u0445 \u043e\u0431\u2019\u0454\u0434\u043d\u0443\u0454 \u0441\u043f\u0456\u043b\u044c\u043d\u0430 \u0432\u0456\u0440\u0430: \u0437\u043c\u0456\u043d\u0438 \u043f\u043e\u0447\u0438\u043d\u0430\u044e\u0442\u044c\u0441\u044f \u0437 \u0434\u0456\u0457. \u0421\u0430\u043c\u0435 \u0437 \u0442\u0430\u043a\u0438\u0445 \u043a\u0440\u043e\u043a\u0456\u0432 \u2014 \u0442\u0438\u0445\u0438\u0445, \u0432\u043f\u0435\u0440\u0442\u0438\u0445, \u0449\u043e\u0434\u0435\u043d\u043d\u0438\u0445 \u2014 \u043d\u0430\u0440\u043e\u0434\u0436\u0443\u0454\u0442\u044c\u0441\u044f \u0441\u0438\u043b\u0430 \u0441\u0443\u0441\u043f\u0456\u043b\u044c\u0441\u0442\u0432\u0430. \u0406 \u0441\u0430\u043c\u0435 \u0432\u043e\u043d\u0430 \u0432\u0435\u0434\u0435 \u043d\u0430\u0441 \u0443\u043f\u0435\u0440\u0435\u0434 \u2014 \u0434\u043e \u0434\u043d\u044f, \u043a\u043e\u043b\u0438 \u0441\u043b\u043e\u0432\u043e \u00ab\u041f\u0435\u0440\u0435\u043c\u043e\u0433\u0430\u00bb \u043f\u0435\u0440\u0435\u0441\u0442\u0430\u043d\u0435 \u0431\u0443\u0442\u0438 \u043c\u0440\u0456\u0454\u044e \u0456 \u0441\u0442\u0430\u043d\u0435 \u043d\u0430\u0448\u043e\u044e \u0441\u043f\u0456\u043b\u044c\u043d\u043e\u044e \u0440\u0435\u0430\u043b\u044c\u043d\u0456\u0441\u0442\u044e.\r\n\r\nIn Zeiten gro\u00dfer Herausforderungen wird besonders deutlich, wie viele Ver\u00e4nderungen aus der Initiative eines einzelnen Menschen oder einer kleinen Gemeinschaft entstehen. Jede Handlung z\u00e4hlt. Jede solidarische Geste oder jedes noch so kleines Projekt tragen zu Ver\u00e4nderungen bei, auch wenn diese erst sp\u00e4ter sp\u00fcrbar sind. Es gibt Menschen, die Schutzr\u00e4ume im M\u00e4rchenstil bauen, damit Kinder selbst w\u00e4hrend der Luftalarme wenigstens ein wenig Sicherheit und Geborgenheit sp\u00fcren k\u00f6nnen. Kinder und Jugendliche drucken mit 3D-Druckern Dinge, die ihre Gemeinschaft dringend braucht. Ein Ehepaar aus Weimar gr\u00fcndet einen kleinen Verlag, damit ukrainische Literatur neue Leserinnen und Leser in Europa findet. In dieser Ausgabe haben wir Geschichten von Menschen und Projekten versammelt, die zeigen: Auch eine kleine Initiative kann eine gro\u00dfe Wirkung entfalten. Wir schreiben \u00fcber die grenz\u00fcberschreitende Zusammenarbeit der Zivilgesellschaft, \u00fcber die Wiederherstellung verlorener Verbindungen zwischen Generationen, \u00fcber den Erhalt und das neue Leben alter Dinge und architektonischer Elemente. \u00dcber die Standhaftigkeit der Gesellschaft, \u00fcber kultur-diplomatische Begegnungen und \u00fcber Menschen, die trotz allem nicht aufh\u00f6ren zu handeln. Diese Geschichten sind unterschiedlich, doch sie verbindet ein gemeinsamer Glaube: Ver\u00e4nderungen beginnen mit einer Handlung. Gerade aus solchen Schritten \u2013 leisen, beharrlichen, allt\u00e4glichen \u2013 entsteht die Kraft einer Gesellschaft. Und sie f\u00fchrt uns voran \u2013 zu dem Tag, an dem das Wort \u201eSieg\u201c aufh\u00f6rt, f\u00fcr die Ukrainer ein Traum zu sein.\r\n\r\n&nbsp;","_et_gb_content_width":""},"product_brand":[],"product_cat":[19],"product_tag":[],"class_list":{"0":"post-278800","1":"product","2":"type-product","3":"status-publish","4":"has-post-thumbnail","6":"product_cat-magazine","7":"product_shipping_class-47","9":"first","10":"instock","11":"shipping-taxable","12":"purchasable","13":"product-type-simple"},"_links":{"self":[{"href":"https:\/\/gelblau.net\/de\/wp-json\/wp\/v2\/product\/278800","targetHints":{"allow":["GET"]}}],"collection":[{"href":"https:\/\/gelblau.net\/de\/wp-json\/wp\/v2\/product"}],"about":[{"href":"https:\/\/gelblau.net\/de\/wp-json\/wp\/v2\/types\/product"}],"wp:featuredmedia":[{"embeddable":true,"href":"https:\/\/gelblau.net\/de\/wp-json\/wp\/v2\/media\/278798"}],"wp:attachment":[{"href":"https:\/\/gelblau.net\/de\/wp-json\/wp\/v2\/media?parent=278800"}],"wp:term":[{"taxonomy":"product_brand","embeddable":true,"href":"https:\/\/gelblau.net\/de\/wp-json\/wp\/v2\/product_brand?post=278800"},{"taxonomy":"product_cat","embeddable":true,"href":"https:\/\/gelblau.net\/de\/wp-json\/wp\/v2\/product_cat?post=278800"},{"taxonomy":"product_tag","embeddable":true,"href":"https:\/\/gelblau.net\/de\/wp-json\/wp\/v2\/product_tag?post=278800"}],"curies":[{"name":"wp","href":"https:\/\/api.w.org\/{rel}","templated":true}]}}